{"id":22804,"date":"2021-03-22T18:54:39","date_gmt":"2021-03-22T16:54:39","guid":{"rendered":"https:\/\/bobyte.lt\/pristatymas-ir-prekiu-grazinimas\/"},"modified":"2026-02-19T11:15:16","modified_gmt":"2026-02-19T09:15:16","slug":"delivery-and-return","status":"publish","type":"page","link":"https:\/\/bobyte.lt\/en\/delivery-and-return\/","title":{"rendered":"Shipping and Returns"},"content":{"rendered":"\t\t<div data-elementor-type=\"wp-page\" data-elementor-id=\"22804\" class=\"elementor elementor-22804 elementor-1205\">\n\t\t\t\t\t\t<section class=\"elementor-section elementor-top-section elementor-element elementor-element-3351d35e elementor-section-boxed elementor-section-height-default elementor-section-height-default wpr-particle-no wpr-jarallax-no wpr-parallax-no wpr-sticky-section-no\" data-id=\"3351d35e\" data-element_type=\"section\">\n\t\t\t\t\t\t<div class=\"elementor-container elementor-column-gap-default\">\n\t\t\t\t\t<div class=\"elementor-column elementor-col-100 elementor-top-column elementor-element elementor-element-4742730d\" data-id=\"4742730d\" data-element_type=\"column\">\n\t\t\t<div class=\"elementor-widget-wrap elementor-element-populated\">\n\t\t\t\t\t\t<div class=\"elementor-element elementor-element-1713ef0b elementor-widget elementor-widget-text-editor\" data-id=\"1713ef0b\" data-element_type=\"widget\" data-widget_type=\"text-editor.default\">\n\t\t\t\t<div class=\"elementor-widget-container\">\n\t\t\t\t\t\t\t\t\t<p>It takes 1-3 days to prepare and ship the order after payment, if the goods are manufactured and we have them on site at that time.<\/p><p><strong>SHIPPING IN LITHUANIA<\/strong><\/p><p>In Lithuania, we ship via DPD parcel terminals, delivery time 1-3 days or DPD parcel terminals and courier to the specified address, delivery time 1-3 days<\/p><p><strong>RETURN OF GOODS<\/strong><\/p><p>You can return or exchange the product within 14 days.<\/p><p>The returned item must be unworn, without losing its merchandise appearance and with the original tags.<\/p><p>Products whose measurements have been adjusted according to personal needs cannot be exchanged or returned in accordance with the procedure established by law.<\/p><p>The buyer is responsible for the safe return of the product. Returned items must be packaged in a secure package for transportation. If the returned item gets lost in the parcel terminals, all legal matters are decided by the buyer himself.<\/p><p>Return costs are paid by the buyer, except in cases where the product is returned due to poor product quality.<\/p><p>Send the returned item to the DPD post machine at \u0160auli\u0173 IKI, Klaip\u0117da +37060425585.<\/p><p>The money will be returned within 7 working days after deducting the shipping charges to the same account from which the payment was made.<\/p>\n<div class=\"wpcf7 no-js\" id=\"wpcf7-f22811-o1\" lang=\"lt-LT\" dir=\"ltr\" data-wpcf7-id=\"22811\">\n<div class=\"screen-reader-response\"><p role=\"status\" aria-live=\"polite\" aria-atomic=\"true\"><\/p> <ul><\/ul><\/div>\n<form action=\"\/en\/wp-json\/wp\/v2\/pages\/22804#wpcf7-f22811-o1\" method=\"post\" class=\"wpcf7-form init\" aria-label=\"Kontakt\u0173 forma\" novalidate=\"novalidate\" data-status=\"init\">\n<fieldset class=\"hidden-fields-container\"><input type=\"hidden\" name=\"_wpcf7\" value=\"22811\" \/><input type=\"hidden\" name=\"_wpcf7_version\" value=\"6.1.4\" \/><input type=\"hidden\" name=\"_wpcf7_locale\" value=\"lt_LT\" \/><input type=\"hidden\" name=\"_wpcf7_unit_tag\" value=\"wpcf7-f22811-o1\" \/><input type=\"hidden\" name=\"_wpcf7_container_post\" value=\"0\" \/><input type=\"hidden\" name=\"_wpcf7_posted_data_hash\" value=\"\" \/><input type=\"hidden\" name=\"_wpcf7_recaptcha_response\" value=\"\" \/>\n<\/fieldset>\n<p><label> Name, surname<br \/>\n<span class=\"wpcf7-form-control-wrap\" data-name=\"your-name\"><input size=\"40\" maxlength=\"400\" class=\"wpcf7-form-control wpcf7-text wpcf7-validates-as-required\" aria-required=\"true\" aria-invalid=\"false\" value=\"\" type=\"text\" name=\"your-name\" \/><\/span> <\/label><br \/>\n<label> Elmail<br \/>\n<span class=\"wpcf7-form-control-wrap\" data-name=\"your-email\"><input size=\"40\" maxlength=\"400\" class=\"wpcf7-form-control wpcf7-email wpcf7-validates-as-required wpcf7-text wpcf7-validates-as-email\" aria-required=\"true\" aria-invalid=\"false\" value=\"\" type=\"email\" name=\"your-email\" \/><\/span> <\/label><br \/>\n<label> Order No.<br \/>\n<span class=\"wpcf7-form-control-wrap\" data-name=\"nr\"><input size=\"40\" maxlength=\"400\" class=\"wpcf7-form-control wpcf7-text wpcf7-validates-as-required\" aria-required=\"true\" aria-invalid=\"false\" value=\"\" type=\"text\" name=\"nr\" \/><\/span> <\/label><br \/>\n<label> Order date<br \/>\n<span class=\"wpcf7-form-control-wrap\" data-name=\"data\"><input class=\"wpcf7-form-control wpcf7-date wpcf7-validates-as-required wpcf7-validates-as-date\" aria-required=\"true\" aria-invalid=\"false\" value=\"\" type=\"date\" name=\"data\" \/><\/span> <\/label><br \/>\n<label> Reason for return<br \/>\n<span class=\"wpcf7-form-control-wrap\" data-name=\"your-message\"><textarea cols=\"40\" rows=\"10\" maxlength=\"2000\" class=\"wpcf7-form-control wpcf7-textarea\" aria-invalid=\"false\" name=\"your-message\"><\/textarea><\/span> <\/label>\n<\/p>\n<p><input class=\"wpcf7-form-control wpcf7-submit has-spinner\" type=\"submit\" value=\"SEND\" \/>\n<\/p><div class=\"wpcf7-response-output\" aria-hidden=\"true\"><\/div>\n<\/form>\n<\/div>\n\t\t\t\t\t\t\t\t<\/div>\n\t\t\t\t<\/div>\n\t\t\t\t\t<\/div>\n\t\t<\/div>\n\t\t\t\t\t<\/div>\n\t\t<\/section>\n\t\t\t\t<\/div>\n\t\t","protected":false},"excerpt":{"rendered":"<p>It takes 1-3 days to prepare and ship the order after payment, if the goods are manufactured and we have them on site at that time. SHIPPING IN LITHUANIA In Lithuania, we ship via DPD parcel terminals, delivery time 1-3 days or DPD parcel terminals and courier to the specified address, delivery time 1-3 days RETURN OF GOODS You can return or exchange the product within 14 days. The returned item must be unworn, without losing its merchandise appearance and with the original tags. Products whose measurements have been adjusted according to personal needs cannot be exchanged or returned in accordance with the procedure established by law. The buyer is responsible for the safe return of the product. Returned items must be packaged in a secure package for transportation. If the returned item gets lost in the parcel terminals, all legal matters are decided by the buyer himself. Return costs are paid by the buyer, except in cases where the product is returned due to poor product quality. Send the returned item to the DPD post machine at \u0160auli\u0173 IKI, Klaip\u0117da +37060425585. The money will be returned within 7 working days after deducting the shipping charges to the same account from which the payment was made.<\/p>\n","protected":false},"author":1,"featured_media":0,"parent":0,"menu_order":0,"comment_status":"closed","ping_status":"closed","template":"","meta":{"footnotes":""},"class_list":["post-22804","page","type-page","status-publish","hentry"],"aioseo_notices":[],"jetpack_sharing_enabled":true,"_links":{"self":[{"href":"https:\/\/bobyte.lt\/en\/wp-json\/wp\/v2\/pages\/22804","targetHints":{"allow":["GET"]}}],"collection":[{"href":"https:\/\/bobyte.lt\/en\/wp-json\/wp\/v2\/pages"}],"about":[{"href":"https:\/\/bobyte.lt\/en\/wp-json\/wp\/v2\/types\/page"}],"author":[{"embeddable":true,"href":"https:\/\/bobyte.lt\/en\/wp-json\/wp\/v2\/users\/1"}],"replies":[{"embeddable":true,"href":"https:\/\/bobyte.lt\/en\/wp-json\/wp\/v2\/comments?post=22804"}],"version-history":[{"count":8,"href":"https:\/\/bobyte.lt\/en\/wp-json\/wp\/v2\/pages\/22804\/revisions"}],"predecessor-version":[{"id":27299,"href":"https:\/\/bobyte.lt\/en\/wp-json\/wp\/v2\/pages\/22804\/revisions\/27299"}],"wp:attachment":[{"href":"https:\/\/bobyte.lt\/en\/wp-json\/wp\/v2\/media?parent=22804"}],"curies":[{"name":"wp","href":"https:\/\/api.w.org\/{rel}","templated":true}]}}