{"id":24760,"date":"2025-04-09T13:05:27","date_gmt":"2025-04-09T11:05:27","guid":{"rendered":"https:\/\/bobyte.lt\/?page_id=24760"},"modified":"2025-04-09T13:23:20","modified_gmt":"2025-04-09T11:23:20","slug":"blog","status":"publish","type":"page","link":"https:\/\/bobyte.lt\/en\/blog\/","title":{"rendered":"Blog"},"content":{"rendered":"\t\t<div data-elementor-type=\"wp-page\" data-elementor-id=\"24760\" class=\"elementor elementor-24760\">\n\t\t\t\t\t\t<section class=\"elementor-section elementor-top-section elementor-element elementor-element-97278e0 elementor-section-boxed elementor-section-height-default elementor-section-height-default wpr-particle-no wpr-jarallax-no wpr-parallax-no wpr-sticky-section-no\" data-id=\"97278e0\" data-element_type=\"section\">\n\t\t\t\t\t\t<div class=\"elementor-container elementor-column-gap-default\">\n\t\t\t\t\t<div class=\"elementor-column elementor-col-100 elementor-top-column elementor-element elementor-element-f1db63d\" data-id=\"f1db63d\" data-element_type=\"column\">\n\t\t\t<div class=\"elementor-widget-wrap elementor-element-populated\">\n\t\t\t\t\t\t<div class=\"elementor-element elementor-element-da79881 elementor-widget elementor-widget-text-editor\" data-id=\"da79881\" data-element_type=\"widget\" data-widget_type=\"text-editor.default\">\n\t\t\t\t<div class=\"elementor-widget-container\">\n\t\t\t\t\t\t\t\t\t<p><strong>-BLOG-<\/strong><\/p>\t\t\t\t\t\t\t\t<\/div>\n\t\t\t\t<\/div>\n\t\t\t\t\t<\/div>\n\t\t<\/div>\n\t\t\t\t\t<\/div>\n\t\t<\/section>\n\t\t\t\t<section class=\"elementor-section elementor-top-section elementor-element elementor-element-7d7b420 elementor-section-boxed elementor-section-height-default elementor-section-height-default wpr-particle-no wpr-jarallax-no wpr-parallax-no wpr-sticky-section-no\" data-id=\"7d7b420\" data-element_type=\"section\">\n\t\t\t\t\t\t<div class=\"elementor-container elementor-column-gap-default\">\n\t\t\t\t\t<div class=\"elementor-column elementor-col-100 elementor-top-column elementor-element elementor-element-1d3e76d\" data-id=\"1d3e76d\" data-element_type=\"column\">\n\t\t\t<div class=\"elementor-widget-wrap elementor-element-populated\">\n\t\t\t\t\t\t<div class=\"elementor-element elementor-element-3f5cfcd wpr-grid-columns-3 wpr-grid-columns--tablet2 wpr-grid-columns--mobile1 wpr-item-styles-inner elementor-widget elementor-widget-wpr-grid\" data-id=\"3f5cfcd\" data-element_type=\"widget\" data-widget_type=\"wpr-grid.default\">\n\t\t\t\t<div class=\"elementor-widget-container\">\n\t\t\t\t\t<h2>Daugiau n\u0117ra \u012fra\u0161\u0173<\/h2>\t\t\t\t<\/div>\n\t\t\t\t<\/div>\n\t\t\t\t\t<\/div>\n\t\t<\/div>\n\t\t\t\t\t<\/div>\n\t\t<\/section>\n\t\t\t\t<\/div>\n\t\t","protected":false},"excerpt":{"rendered":"<p>-BLOG- All Posts Pavasario\u2013vasaros 2025 mados tendencijos: Top 7 must-have drabu\u017eiai | Bobyte.lt Skaityti<\/p>\n","protected":false},"author":77,"featured_media":0,"parent":0,"menu_order":0,"comment_status":"closed","ping_status":"closed","template":"elementor_header_footer","meta":{"footnotes":""},"class_list":["post-24760","page","type-page","status-publish","hentry"],"aioseo_notices":[],"jetpack_sharing_enabled":true,"_links":{"self":[{"href":"https:\/\/bobyte.lt\/en\/wp-json\/wp\/v2\/pages\/24760","targetHints":{"allow":["GET"]}}],"collection":[{"href":"https:\/\/bobyte.lt\/en\/wp-json\/wp\/v2\/pages"}],"about":[{"href":"https:\/\/bobyte.lt\/en\/wp-json\/wp\/v2\/types\/page"}],"author":[{"embeddable":true,"href":"https:\/\/bobyte.lt\/en\/wp-json\/wp\/v2\/users\/77"}],"replies":[{"embeddable":true,"href":"https:\/\/bobyte.lt\/en\/wp-json\/wp\/v2\/comments?post=24760"}],"version-history":[{"count":6,"href":"https:\/\/bobyte.lt\/en\/wp-json\/wp\/v2\/pages\/24760\/revisions"}],"predecessor-version":[{"id":24774,"href":"https:\/\/bobyte.lt\/en\/wp-json\/wp\/v2\/pages\/24760\/revisions\/24774"}],"wp:attachment":[{"href":"https:\/\/bobyte.lt\/en\/wp-json\/wp\/v2\/media?parent=24760"}],"curies":[{"name":"wp","href":"https:\/\/api.w.org\/{rel}","templated":true}]}}