{"id":23395,"date":"2023-10-18T05:35:58","date_gmt":"2023-10-18T03:35:58","guid":{"rendered":"https:\/\/bobyte.lt\/e-parduotuve\/uncategorized\/quilted-jumper-gray\/"},"modified":"2026-02-18T15:16:36","modified_gmt":"2026-02-18T13:16:36","slug":"high-collar-jumper__trashed","status":"publish","type":"product","link":"https:\/\/bobyte.lt\/en\/e-parduotuve\/plus-size-en\/sweaters-jumpers-en-2\/high-collar-jumper__trashed\/","title":{"rendered":"Quilted jumper | Gray"},"content":{"rendered":"<p>Dygsniuoti ra\u0161tai \u0161\u012f sezon\u0105 itin madingi, tod\u0117l \u0161i\u0105 kolekcij\u0105 nedvejodamos pavadinome <strong>QUILTED<\/strong>.<br \/>\nD\u017eiaugiam\u0117s pristatydamos \u0161i\u0105 kolekcij\u0105, nes i\u0161 jaukaus ir \u0161ilto audinio pavyko sukurti labai stiling\u0105 kolekcij\u0105.<br \/>\n&#8211; Audinys tvirtas, \u0161iltas ir i\u0161skirtinai patogus<br \/>\n&#8211; Audinio unikalus ra\u0161tas paslepia visas nepageidaujamas k\u016bno linijas<br \/>\n&#8211; Kruop\u0161\u010diai apgalvota kiekviena detal\u0117<br \/>\n&#8211; Megztinio rankogaliai su guma<br \/>\n&#8211; Itin plati apykakl\u0117 suteikia i\u0161skirtinumo bei maksimalaus patogumo<br \/>\n&#8211; Stiliaus variant\u0173 jums niekada nepritr\u016bks, nes visi kolekcijoje esantys gaminiai dera tarpusavyje!<\/p>\n","protected":false},"excerpt":{"rendered":"<p>Dygsniuoti ra\u0161tai \u0161\u012f sezon\u0105 itin madingi, tod\u0117l \u0161i\u0105 kolekcij\u0105 nedvejodamos pavadinome QUILTED. D\u017eiaugiam\u0117s pristatydamos \u0161i\u0105 kolekcij\u0105, nes i\u0161 jaukaus ir \u0161ilto audinio pavyko sukurti labai stiling\u0105 kolekcij\u0105. &#8211; Audinys tvirtas, \u0161iltas ir i\u0161skirtinai patogus &#8211; Audinio unikalus ra\u0161tas paslepia visas nepageidaujamas k\u016bno linijas &#8211; Kruop\u0161\u010diai apgalvota kiekviena detal\u0117 &#8211; Megztinio rankogaliai su guma &#8211; Itin plati apykakl\u0117 suteikia i\u0161skirtinumo bei maksimalaus patogumo &#8211; Stiliaus variant\u0173 jums niekada nepritr\u016bks, nes visi kolekcijoje esantys gaminiai dera tarpusavyje!<\/p>\n","protected":false},"featured_media":23398,"comment_status":"closed","ping_status":"closed","template":"","meta":{"content-type":""},"product_brand":[],"product_cat":[1089,1102,1096,1103,964],"product_tag":[1368,1372,1369,1235,1370,1371,1246,1365,1366,968,1210,1367,1373],"class_list":{"0":"post-23395","1":"product","2":"type-product","3":"status-publish","4":"has-post-thumbnail","6":"product_cat-autumn-winter","7":"product_cat-plus-size-en","8":"product_cat-sweaters-jumpers","9":"product_cat-sweaters-jumpers-en-2","10":"product_cat-clothes","11":"product_tag-aukstu-kaklu-en","12":"product_tag-cardigan-en","13":"product_tag-dzemperis-en","14":"product_tag-gray-en","15":"product_tag-high-neck-en","16":"product_tag-jumper-en","17":"product_tag-knitted-en","18":"product_tag-laisvo-modelio-en","19":"product_tag-megztinis-en","20":"product_tag-oversized-en","21":"product_tag-pilkas-en","22":"product_tag-siltas-en","23":"product_tag-sweater-en","24":"pa_dydis-one-size-en","25":"pa_dydis-plus-size-en","26":"pa_spalva-gray","28":"first","29":"outofstock","30":"taxable","31":"shipping-taxable","32":"purchasable","33":"product-type-variable"},"aioseo_notices":[],"jetpack_sharing_enabled":true,"_links":{"self":[{"href":"https:\/\/bobyte.lt\/en\/wp-json\/wp\/v2\/product\/23395","targetHints":{"allow":["GET"]}}],"collection":[{"href":"https:\/\/bobyte.lt\/en\/wp-json\/wp\/v2\/product"}],"about":[{"href":"https:\/\/bobyte.lt\/en\/wp-json\/wp\/v2\/types\/product"}],"replies":[{"embeddable":true,"href":"https:\/\/bobyte.lt\/en\/wp-json\/wp\/v2\/comments?post=23395"}],"wp:featuredmedia":[{"embeddable":true,"href":"https:\/\/bobyte.lt\/en\/wp-json\/wp\/v2\/media\/23398"}],"wp:attachment":[{"href":"https:\/\/bobyte.lt\/en\/wp-json\/wp\/v2\/media?parent=23395"}],"wp:term":[{"taxonomy":"product_brand","embeddable":true,"href":"https:\/\/bobyte.lt\/en\/wp-json\/wp\/v2\/product_brand?post=23395"},{"taxonomy":"product_cat","embeddable":true,"href":"https:\/\/bobyte.lt\/en\/wp-json\/wp\/v2\/product_cat?post=23395"},{"taxonomy":"product_tag","embeddable":true,"href":"https:\/\/bobyte.lt\/en\/wp-json\/wp\/v2\/product_tag?post=23395"}],"curies":[{"name":"wp","href":"https:\/\/api.w.org\/{rel}","templated":true}]}}