{"id":23813,"date":"2025-10-02T08:10:17","date_gmt":"2025-10-02T06:10:17","guid":{"rendered":"https:\/\/bobyte.lt\/?post_type=product&#038;p=23813"},"modified":"2026-02-18T15:43:05","modified_gmt":"2026-02-18T13:43:05","slug":"low-waisted-pants-dark-gray","status":"publish","type":"product","link":"https:\/\/bobyte.lt\/en\/e-parduotuve\/clothes\/pants\/low-waisted-pants-dark-gray\/","title":{"rendered":"Low waisted pants | Dark gray"},"content":{"rendered":"<p>Stilingos \u017eeminto liemens keln\u0117s<br \/>\n&#8211; \u017demintas liemuo puikiai tiks didesn\u0119 pilvo apimt\u012f turin\u010dios savinink\u0117ms<br \/>\n&#8211; Yra kilpos dir\u017eui<br \/>\n&#8211; Turi ki\u0161enes<br \/>\n&#8211; Lengva derinti su \u012fvairaus stiliaus drabu\u017eiais<br \/>\n&#8211; Galimyb\u0117 rinktis i\u0161 3 ilgi\u0173<\/p>\n","protected":false},"excerpt":{"rendered":"<p>Stilingos \u017eeminto liemens keln\u0117s &#8211; \u017demintas liemuo puikiai tiks didesn\u0119 pilvo apimt\u012f turin\u010dios savinink\u0117ms &#8211; Yra kilpos dir\u017eui &#8211; Turi ki\u0161enes &#8211; Lengva derinti su \u012fvairaus stiliaus drabu\u017eiais &#8211; Galimyb\u0117 rinktis i\u0161 3 ilgi\u0173<\/p>\n","protected":false},"featured_media":26514,"comment_status":"closed","ping_status":"closed","template":"","meta":{"content-type":""},"product_brand":[],"product_cat":[1094,1102,1086,964],"product_tag":[1235,1182,1519,1186,1300,1187,1188,1520,1521],"class_list":{"0":"post-23813","1":"product","2":"type-product","3":"status-publish","4":"has-post-thumbnail","6":"product_cat-pants","7":"product_cat-plus-size-en","8":"product_cat-spring-summer","9":"product_cat-clothes","10":"product_tag-gray-en","11":"product_tag-kelnes-en","12":"product_tag-low-waisted","13":"product_tag-pants-en","14":"product_tag-pilkos-en","15":"product_tag-placios-en","16":"product_tag-wide-en","17":"product_tag-zemas-liemuo","18":"product_tag-zemintu-liemeniu","19":"pa_dydis-s-en","20":"pa_dydis-m-en","21":"pa_dydis-l-en","22":"pa_dydis-xl-en","23":"pa_dydis-xxl-en","24":"pa_spalva-gray","26":"first","27":"instock","28":"taxable","29":"shipping-taxable","30":"purchasable","31":"product-type-variable"},"aioseo_notices":[],"jetpack_sharing_enabled":true,"_links":{"self":[{"href":"https:\/\/bobyte.lt\/en\/wp-json\/wp\/v2\/product\/23813","targetHints":{"allow":["GET"]}}],"collection":[{"href":"https:\/\/bobyte.lt\/en\/wp-json\/wp\/v2\/product"}],"about":[{"href":"https:\/\/bobyte.lt\/en\/wp-json\/wp\/v2\/types\/product"}],"replies":[{"embeddable":true,"href":"https:\/\/bobyte.lt\/en\/wp-json\/wp\/v2\/comments?post=23813"}],"wp:featuredmedia":[{"embeddable":true,"href":"https:\/\/bobyte.lt\/en\/wp-json\/wp\/v2\/media\/26514"}],"wp:attachment":[{"href":"https:\/\/bobyte.lt\/en\/wp-json\/wp\/v2\/media?parent=23813"}],"wp:term":[{"taxonomy":"product_brand","embeddable":true,"href":"https:\/\/bobyte.lt\/en\/wp-json\/wp\/v2\/product_brand?post=23813"},{"taxonomy":"product_cat","embeddable":true,"href":"https:\/\/bobyte.lt\/en\/wp-json\/wp\/v2\/product_cat?post=23813"},{"taxonomy":"product_tag","embeddable":true,"href":"https:\/\/bobyte.lt\/en\/wp-json\/wp\/v2\/product_tag?post=23813"}],"curies":[{"name":"wp","href":"https:\/\/api.w.org\/{rel}","templated":true}]}}