{"id":27756,"date":"2026-04-13T19:12:47","date_gmt":"2026-04-13T17:12:47","guid":{"rendered":"https:\/\/bobyte.lt\/?post_type=product&#038;p=27756"},"modified":"2026-04-17T14:30:40","modified_gmt":"2026-04-17T12:30:40","slug":"mini-leather-bag-black-kopija-kopija-kopija-kopija-kopija-kopija-kopija-kopija-kopija-kopija-kopija-kopija-kopija-kopija-kopija-kopija-kopija-kopija-kopija-kop","status":"publish","type":"product","link":"https:\/\/bobyte.lt\/en\/e-parduotuve\/clothes\/mini-leather-bag-black-kopija-kopija-kopija-kopija-kopija-kopija-kopija-kopija-kopija-kopija-kopija-kopija-kopija-kopija-kopija-kopija-kopija-kopija-kopija-kop\/","title":{"rendered":"Natural leather bag | Black"},"content":{"rendered":"<ul>\n<li>U\u017esisega magnetu<\/li>\n<li>Turi papildomas ki\u0161enes viduje bei atskir\u0105 skyri\u0173 su u\u017etrauktuku<\/li>\n<li>Yra ilga rankena<\/li>\n<li>Priekin\u0117 sagtis reguliuojasi. Jos d\u0117ka rankin\u0117s forma gali kisti<\/li>\n<\/ul>\n","protected":false},"excerpt":{"rendered":"<p>U\u017esisega magnetu Turi papildomas ki\u0161enes viduje bei atskir\u0105 skyri\u0173 su u\u017etrauktuku Yra ilga rankena Priekin\u0117 sagtis reguliuojasi. Jos d\u0117ka rankin\u0117s forma gali kisti<\/p>\n","protected":false},"featured_media":27760,"comment_status":"closed","ping_status":"closed","template":"","meta":{"content-type":""},"product_brand":[],"product_cat":[1091,1108,964],"product_tag":[1364,970,1181,1363,969,1184,1362,1359],"class_list":{"0":"post-27756","1":"product","2":"type-product","3":"status-publish","4":"has-post-thumbnail","6":"product_cat-accessories","7":"product_cat-handbags","8":"product_cat-clothes","9":"product_tag-bag-en","10":"product_tag-black-en","11":"product_tag-eco-en","12":"product_tag-handbag-en","13":"product_tag-juoda-en","14":"product_tag-leather-en","15":"product_tag-natural-en","16":"product_tag-rankine-en","17":"pa_spalva-black","19":"first","20":"outofstock","21":"taxable","22":"shipping-taxable","23":"purchasable","24":"product-type-variable"},"aioseo_notices":[],"jetpack_sharing_enabled":true,"_links":{"self":[{"href":"https:\/\/bobyte.lt\/en\/wp-json\/wp\/v2\/product\/27756","targetHints":{"allow":["GET"]}}],"collection":[{"href":"https:\/\/bobyte.lt\/en\/wp-json\/wp\/v2\/product"}],"about":[{"href":"https:\/\/bobyte.lt\/en\/wp-json\/wp\/v2\/types\/product"}],"replies":[{"embeddable":true,"href":"https:\/\/bobyte.lt\/en\/wp-json\/wp\/v2\/comments?post=27756"}],"wp:featuredmedia":[{"embeddable":true,"href":"https:\/\/bobyte.lt\/en\/wp-json\/wp\/v2\/media\/27760"}],"wp:attachment":[{"href":"https:\/\/bobyte.lt\/en\/wp-json\/wp\/v2\/media?parent=27756"}],"wp:term":[{"taxonomy":"product_brand","embeddable":true,"href":"https:\/\/bobyte.lt\/en\/wp-json\/wp\/v2\/product_brand?post=27756"},{"taxonomy":"product_cat","embeddable":true,"href":"https:\/\/bobyte.lt\/en\/wp-json\/wp\/v2\/product_cat?post=27756"},{"taxonomy":"product_tag","embeddable":true,"href":"https:\/\/bobyte.lt\/en\/wp-json\/wp\/v2\/product_tag?post=27756"}],"curies":[{"name":"wp","href":"https:\/\/api.w.org\/{rel}","templated":true}]}}